{"id":189,"date":"2019-02-14T13:02:04","date_gmt":"2019-02-14T13:02:04","guid":{"rendered":"https:\/\/okolisnifestival.zelena-akcija.hr\/?page_id=189"},"modified":"2019-07-31T11:43:15","modified_gmt":"2019-07-31T09:43:15","slug":"kako-se-ukljuciti","status":"publish","type":"page","link":"https:\/\/okolisnifestival.zelena-akcija.hr\/en\/kako-se-ukljuciti\/","title":{"rendered":"Get involved"},"content":{"rendered":"<div data-elementor-type=\"wp-post\" data-elementor-id=\"189\" class=\"elementor elementor-189\">\n\t\t\t\t\t\t<section class=\"elementor-section elementor-top-section elementor-element elementor-element-fad2893 elementor-section-boxed elementor-section-height-default elementor-section-height-default\" data-id=\"fad2893\" data-element_type=\"section\" data-e-type=\"section\">\n\t\t\t\t\t\t<div class=\"elementor-container elementor-column-gap-default\">\n\t\t\t\t\t<div class=\"elementor-column elementor-col-100 elementor-top-column elementor-element elementor-element-bd9f2f4\" data-id=\"bd9f2f4\" data-element_type=\"column\" data-e-type=\"column\">\n\t\t\t<div class=\"elementor-widget-wrap elementor-element-populated\">\n\t\t\t\t\t\t<div class=\"elementor-element elementor-element-c8fcd71 elementor-widget elementor-widget-heading\" data-id=\"c8fcd71\" data-element_type=\"widget\" data-e-type=\"widget\" data-widget_type=\"heading.default\">\n\t\t\t\t<div class=\"elementor-widget-container\">\n\t\t\t\t\t<h2 class=\"elementor-heading-title elementor-size-default\">How to get involved?<\/h2>\t\t\t\t<\/div>\n\t\t\t\t<\/div>\n\t\t\t\t<div class=\"elementor-element elementor-element-e7116fa elementor-widget elementor-widget-text-editor\" data-id=\"e7116fa\" data-element_type=\"widget\" data-e-type=\"widget\" data-widget_type=\"text-editor.default\">\n\t\t\t\t<div class=\"elementor-widget-container\">\n\t\t\t\t\t\t\t\t\t<p style=\"text-align: center;\">If you want to get involved in the activist group and\/or the organization of the festival write us a mail: dora@zelena-akcija.hr. We are looking forward to meet you!<\/p>\t\t\t\t\t\t\t\t<\/div>\n\t\t\t\t<\/div>\n\t\t\t\t<div class=\"elementor-element elementor-element-b17429d elementor-widget elementor-widget-heading\" data-id=\"b17429d\" data-element_type=\"widget\" data-e-type=\"widget\" data-widget_type=\"heading.default\">\n\t\t\t\t<div class=\"elementor-widget-container\">\n\t\t\t\t\t<h4 class=\"elementor-heading-title elementor-size-default\">Content proposal for the festival<\/h4>\t\t\t\t<\/div>\n\t\t\t\t<\/div>\n\t\t\t\t<div class=\"elementor-element elementor-element-8a13216 elementor-widget elementor-widget-text-editor\" data-id=\"8a13216\" data-element_type=\"widget\" data-e-type=\"widget\" data-widget_type=\"text-editor.default\">\n\t\t\t\t<div class=\"elementor-widget-container\">\n\t\t\t\t\t\t\t\t\t<p style=\"text-align: center;\">If you, as an individual or an association, have ideas and suggestions for activities that you would like to carry out as part of the festival, contact us via the form and we will answer you as soon as possible. We look forward to new collaborations!<\/p>\t\t\t\t\t\t\t\t<\/div>\n\t\t\t\t<\/div>\n\t\t\t\t<div class=\"elementor-element elementor-element-cfd6343 elementor-widget elementor-widget-html\" data-id=\"cfd6343\" data-element_type=\"widget\" data-e-type=\"widget\" data-widget_type=\"html.default\">\n\t\t\t\t<div class=\"elementor-widget-container\">\n\t\t\t\t\t<iframe width=\"640\" height=\"1484\" src=\"https:\/\/docs.google.com\/forms\/d\/e\/1FAIpQLSfrvPGQ_vQxNne7DSm36J4VV2dH0qxBk_m9oL0skCaywwqBYg\/viewform?embedded=true\" marginheight=\"0\" marginwidth=\"0\" frameborder=\"0\">U\u010ditavanje...<\/iframe>\t\t\t\t<\/div>\n\t\t\t\t<\/div>\n\t\t\t\t\t<\/div>\n\t\t<\/div>\n\t\t\t\t\t<\/div>\n\t\t<\/section>\n\t\t\t\t<\/div>","protected":false},"excerpt":{"rendered":"<p>Kako se uklju\u010diti? Ako se \u017eelite uklju\u010diti u Aktivisti\u010dku grupu i\/ili u organizaciju festivala javite nam se na dora@zelena-akcija.hr. Radujemo se novim poznanstvima! Prijedlog sadr\u017eaja za festival Ako kao pojedinac_ka ili udruga imate ideju i prijedloge aktivnosti koje biste voljeli izvesti u sklopu festivala javite nam se putem obrasca i [&hellip;]<\/p>\n","protected":false},"author":1,"featured_media":0,"parent":0,"menu_order":0,"comment_status":"closed","ping_status":"closed","template":"page-templates\/template-pagebuilder-full-width.php","meta":{"jetpack_post_was_ever_published":false,"footnotes":""},"class_list":["post-189","page","type-page","status-publish","hentry"],"yoast_head":"<!-- This site is optimized with the Yoast SEO plugin v24.8 - https:\/\/yoast.com\/wordpress\/plugins\/seo\/ -->\n<title>Kako se uklju\u010diti - Okoli&scaron;ni filmski festival<\/title>\n<meta name=\"robots\" content=\"index, follow, max-snippet:-1, max-image-preview:large, max-video-preview:-1\" \/>\n<link rel=\"canonical\" href=\"https:\/\/okolisnifestival.zelena-akcija.hr\/en\/kako-se-ukljuciti\/\" \/>\n<meta property=\"og:locale\" content=\"en_GB\" \/>\n<meta property=\"og:type\" content=\"article\" \/>\n<meta property=\"og:title\" content=\"Kako se uklju\u010diti - Okoli&scaron;ni filmski festival\" \/>\n<meta property=\"og:description\" content=\"Kako se uklju\u010diti? Ako se \u017eelite uklju\u010diti u Aktivisti\u010dku grupu i\/ili u organizaciju festivala javite nam se na dora@zelena-akcija.hr. Radujemo se novim poznanstvima! Prijedlog sadr\u017eaja za festival Ako kao pojedinac_ka ili udruga imate ideju i prijedloge aktivnosti koje biste voljeli izvesti u sklopu festivala javite nam se putem obrasca i [&hellip;]\" \/>\n<meta property=\"og:url\" content=\"https:\/\/okolisnifestival.zelena-akcija.hr\/en\/kako-se-ukljuciti\/\" \/>\n<meta property=\"og:site_name\" content=\"Okoli&scaron;ni filmski festival\" \/>\n<meta property=\"article:publisher\" content=\"https:\/\/www.facebook.com\/efest\/\" \/>\n<meta property=\"article:modified_time\" content=\"2019-07-31T09:43:15+00:00\" \/>\n<meta name=\"twitter:card\" content=\"summary_large_image\" \/>\n<script type=\"application\/ld+json\" class=\"yoast-schema-graph\">{\"@context\":\"https:\/\/schema.org\",\"@graph\":[{\"@type\":\"WebPage\",\"@id\":\"https:\/\/okolisnifestival.zelena-akcija.hr\/kako-se-ukljuciti\/\",\"url\":\"https:\/\/okolisnifestival.zelena-akcija.hr\/kako-se-ukljuciti\/\",\"name\":\"Kako se uklju\u010diti - Okoli&scaron;ni filmski festival\",\"isPartOf\":{\"@id\":\"https:\/\/okolisnifestival.zelena-akcija.hr\/en\/#website\"},\"datePublished\":\"2019-02-14T13:02:04+00:00\",\"dateModified\":\"2019-07-31T09:43:15+00:00\",\"breadcrumb\":{\"@id\":\"https:\/\/okolisnifestival.zelena-akcija.hr\/kako-se-ukljuciti\/#breadcrumb\"},\"inLanguage\":\"en-GB\",\"potentialAction\":[{\"@type\":\"ReadAction\",\"target\":[\"https:\/\/okolisnifestival.zelena-akcija.hr\/kako-se-ukljuciti\/\"]}]},{\"@type\":\"BreadcrumbList\",\"@id\":\"https:\/\/okolisnifestival.zelena-akcija.hr\/kako-se-ukljuciti\/#breadcrumb\",\"itemListElement\":[{\"@type\":\"ListItem\",\"position\":1,\"name\":\"Home\",\"item\":\"https:\/\/okolisnifestival.zelena-akcija.hr\/\"},{\"@type\":\"ListItem\",\"position\":2,\"name\":\"Kako se uklju\u010diti\"}]},{\"@type\":\"WebSite\",\"@id\":\"https:\/\/okolisnifestival.zelena-akcija.hr\/en\/#website\",\"url\":\"https:\/\/okolisnifestival.zelena-akcija.hr\/en\/\",\"name\":\"Okoli\u0161ni filmski festival\",\"description\":\"\",\"publisher\":{\"@id\":\"https:\/\/okolisnifestival.zelena-akcija.hr\/en\/#organization\"},\"potentialAction\":[{\"@type\":\"SearchAction\",\"target\":{\"@type\":\"EntryPoint\",\"urlTemplate\":\"https:\/\/okolisnifestival.zelena-akcija.hr\/en\/?s={search_term_string}\"},\"query-input\":{\"@type\":\"PropertyValueSpecification\",\"valueRequired\":true,\"valueName\":\"search_term_string\"}}],\"inLanguage\":\"en-GB\"},{\"@type\":\"Organization\",\"@id\":\"https:\/\/okolisnifestival.zelena-akcija.hr\/en\/#organization\",\"name\":\"Zelena akcija\",\"url\":\"https:\/\/okolisnifestival.zelena-akcija.hr\/en\/\",\"logo\":{\"@type\":\"ImageObject\",\"inLanguage\":\"en-GB\",\"@id\":\"https:\/\/okolisnifestival.zelena-akcija.hr\/en\/#\/schema\/logo\/image\/\",\"url\":\"https:\/\/i0.wp.com\/okolisnifestival.zelena-akcija.hr\/wp-content\/uploads\/2019\/03\/ZA-logo-rgb-white-veci.jpg?fit=2000%2C758&ssl=1\",\"contentUrl\":\"https:\/\/i0.wp.com\/okolisnifestival.zelena-akcija.hr\/wp-content\/uploads\/2019\/03\/ZA-logo-rgb-white-veci.jpg?fit=2000%2C758&ssl=1\",\"width\":2000,\"height\":758,\"caption\":\"Zelena akcija\"},\"image\":{\"@id\":\"https:\/\/okolisnifestival.zelena-akcija.hr\/en\/#\/schema\/logo\/image\/\"},\"sameAs\":[\"https:\/\/www.facebook.com\/efest\/\"]}]}<\/script>\n<!-- \/ Yoast SEO plugin. -->","yoast_head_json":{"title":"Kako se uklju\u010diti - Okoli&scaron;ni filmski festival","robots":{"index":"index","follow":"follow","max-snippet":"max-snippet:-1","max-image-preview":"max-image-preview:large","max-video-preview":"max-video-preview:-1"},"canonical":"https:\/\/okolisnifestival.zelena-akcija.hr\/en\/kako-se-ukljuciti\/","og_locale":"en_GB","og_type":"article","og_title":"Kako se uklju\u010diti - Okoli&scaron;ni filmski festival","og_description":"Kako se uklju\u010diti? Ako se \u017eelite uklju\u010diti u Aktivisti\u010dku grupu i\/ili u organizaciju festivala javite nam se na dora@zelena-akcija.hr. Radujemo se novim poznanstvima! Prijedlog sadr\u017eaja za festival Ako kao pojedinac_ka ili udruga imate ideju i prijedloge aktivnosti koje biste voljeli izvesti u sklopu festivala javite nam se putem obrasca i [&hellip;]","og_url":"https:\/\/okolisnifestival.zelena-akcija.hr\/en\/kako-se-ukljuciti\/","og_site_name":"Okoli&scaron;ni filmski festival","article_publisher":"https:\/\/www.facebook.com\/efest\/","article_modified_time":"2019-07-31T09:43:15+00:00","twitter_card":"summary_large_image","schema":{"@context":"https:\/\/schema.org","@graph":[{"@type":"WebPage","@id":"https:\/\/okolisnifestival.zelena-akcija.hr\/kako-se-ukljuciti\/","url":"https:\/\/okolisnifestival.zelena-akcija.hr\/kako-se-ukljuciti\/","name":"Kako se uklju\u010diti - Okoli&scaron;ni filmski festival","isPartOf":{"@id":"https:\/\/okolisnifestival.zelena-akcija.hr\/en\/#website"},"datePublished":"2019-02-14T13:02:04+00:00","dateModified":"2019-07-31T09:43:15+00:00","breadcrumb":{"@id":"https:\/\/okolisnifestival.zelena-akcija.hr\/kako-se-ukljuciti\/#breadcrumb"},"inLanguage":"en-GB","potentialAction":[{"@type":"ReadAction","target":["https:\/\/okolisnifestival.zelena-akcija.hr\/kako-se-ukljuciti\/"]}]},{"@type":"BreadcrumbList","@id":"https:\/\/okolisnifestival.zelena-akcija.hr\/kako-se-ukljuciti\/#breadcrumb","itemListElement":[{"@type":"ListItem","position":1,"name":"Home","item":"https:\/\/okolisnifestival.zelena-akcija.hr\/"},{"@type":"ListItem","position":2,"name":"Kako se uklju\u010diti"}]},{"@type":"WebSite","@id":"https:\/\/okolisnifestival.zelena-akcija.hr\/en\/#website","url":"https:\/\/okolisnifestival.zelena-akcija.hr\/en\/","name":"Environmental film festival","description":"","publisher":{"@id":"https:\/\/okolisnifestival.zelena-akcija.hr\/en\/#organization"},"potentialAction":[{"@type":"SearchAction","target":{"@type":"EntryPoint","urlTemplate":"https:\/\/okolisnifestival.zelena-akcija.hr\/en\/?s={search_term_string}"},"query-input":{"@type":"PropertyValueSpecification","valueRequired":true,"valueName":"search_term_string"}}],"inLanguage":"en-GB"},{"@type":"Organization","@id":"https:\/\/okolisnifestival.zelena-akcija.hr\/en\/#organization","name":"Zelena akcija","url":"https:\/\/okolisnifestival.zelena-akcija.hr\/en\/","logo":{"@type":"ImageObject","inLanguage":"en-GB","@id":"https:\/\/okolisnifestival.zelena-akcija.hr\/en\/#\/schema\/logo\/image\/","url":"https:\/\/i0.wp.com\/okolisnifestival.zelena-akcija.hr\/wp-content\/uploads\/2019\/03\/ZA-logo-rgb-white-veci.jpg?fit=2000%2C758&ssl=1","contentUrl":"https:\/\/i0.wp.com\/okolisnifestival.zelena-akcija.hr\/wp-content\/uploads\/2019\/03\/ZA-logo-rgb-white-veci.jpg?fit=2000%2C758&ssl=1","width":2000,"height":758,"caption":"Zelena akcija"},"image":{"@id":"https:\/\/okolisnifestival.zelena-akcija.hr\/en\/#\/schema\/logo\/image\/"},"sameAs":["https:\/\/www.facebook.com\/efest\/"]}]}},"jetpack_sharing_enabled":true,"jetpack_shortlink":"https:\/\/wp.me\/PaO4kI-33","jetpack-related-posts":[],"_links":{"self":[{"href":"https:\/\/okolisnifestival.zelena-akcija.hr\/en\/wp-json\/wp\/v2\/pages\/189","targetHints":{"allow":["GET"]}}],"collection":[{"href":"https:\/\/okolisnifestival.zelena-akcija.hr\/en\/wp-json\/wp\/v2\/pages"}],"about":[{"href":"https:\/\/okolisnifestival.zelena-akcija.hr\/en\/wp-json\/wp\/v2\/types\/page"}],"author":[{"embeddable":true,"href":"https:\/\/okolisnifestival.zelena-akcija.hr\/en\/wp-json\/wp\/v2\/users\/1"}],"replies":[{"embeddable":true,"href":"https:\/\/okolisnifestival.zelena-akcija.hr\/en\/wp-json\/wp\/v2\/comments?post=189"}],"version-history":[{"count":16,"href":"https:\/\/okolisnifestival.zelena-akcija.hr\/en\/wp-json\/wp\/v2\/pages\/189\/revisions"}],"predecessor-version":[{"id":651,"href":"https:\/\/okolisnifestival.zelena-akcija.hr\/en\/wp-json\/wp\/v2\/pages\/189\/revisions\/651"}],"wp:attachment":[{"href":"https:\/\/okolisnifestival.zelena-akcija.hr\/en\/wp-json\/wp\/v2\/media?parent=189"}],"curies":[{"name":"wp","href":"https:\/\/api.w.org\/{rel}","templated":true}]}}