{"id":90,"date":"2019-02-02T12:40:36","date_gmt":"2019-02-02T12:40:36","guid":{"rendered":"https:\/\/okolisnifestival.zelena-akcija.hr\/?page_id=90"},"modified":"2026-04-21T15:31:46","modified_gmt":"2026-04-21T13:31:46","slug":"organizacijski-tim","status":"publish","type":"page","link":"https:\/\/okolisnifestival.zelena-akcija.hr\/en\/organizacijski-tim\/","title":{"rendered":"Organizing team"},"content":{"rendered":"<div data-elementor-type=\"wp-post\" data-elementor-id=\"90\" class=\"elementor elementor-90\">\n\t\t\t\t\t\t<section class=\"elementor-section elementor-top-section elementor-element elementor-element-42d4ddf elementor-section-boxed elementor-section-height-default elementor-section-height-default\" data-id=\"42d4ddf\" data-element_type=\"section\" data-e-type=\"section\">\n\t\t\t\t\t\t<div class=\"elementor-container elementor-column-gap-default\">\n\t\t\t\t\t<div class=\"elementor-column elementor-col-100 elementor-top-column elementor-element elementor-element-effc8f4\" data-id=\"effc8f4\" data-element_type=\"column\" data-e-type=\"column\">\n\t\t\t<div class=\"elementor-widget-wrap elementor-element-populated\">\n\t\t\t\t\t\t<div class=\"elementor-element elementor-element-ac60fdd elementor-widget elementor-widget-heading\" data-id=\"ac60fdd\" data-element_type=\"widget\" data-e-type=\"widget\" data-widget_type=\"heading.default\">\n\t\t\t\t<div class=\"elementor-widget-container\">\n\t\t\t\t\t<h2 class=\"elementor-heading-title elementor-size-default\">Organizing team<\/h2>\t\t\t\t<\/div>\n\t\t\t\t<\/div>\n\t\t\t\t<div class=\"elementor-element elementor-element-33b9276 elementor-widget elementor-widget-text-editor\" data-id=\"33b9276\" data-element_type=\"widget\" data-e-type=\"widget\" data-widget_type=\"text-editor.default\">\n\t\t\t\t<div class=\"elementor-widget-container\">\n\t\t\t\t\t\t\t\t\t<p>This year's Environmental Film Festival organizing team include:<\/p><p>Nika Barbari\u0107, \u0110ina Nola, Dora Sivka,\u00a0<span style=\"background-color: #ffffff; color: #222222; font-family: 'Google Sans', Roboto, RobotoDraft, Helvetica, Arial, sans-serif;\">Zoja Mari\u010di\u0107,<\/span><span style=\"font-size: inherit; background-color: #ffffff; color: #222222; font-family: 'Google Sans', Roboto, RobotoDraft, Helvetica, Arial, sans-serif;\"> Sanja \u0160u\u0161njara Rai\u0107, Mirjana Grabovac, <\/span>Vjeran Gomzi,\u00a0<span style=\"font-size: inherit;\">Sun\u010dica Lazanski, Tea Ma\u0111er\u010di\u0107, Milica \u0106iri\u0107, Laura Pejak, Antonio Kara\u010da i Marija Meklav.\u00a0<\/span><\/p><p><span style=\"color: #ff6600;\">If you want to get involved, write to us at dora@zelena-akcija.hr! :)<\/span><\/p>\t\t\t\t\t\t\t\t<\/div>\n\t\t\t\t<\/div>\n\t\t\t\t\t<\/div>\n\t\t<\/div>\n\t\t\t\t\t<\/div>\n\t\t<\/section>\n\t\t\t\t<section class=\"elementor-section elementor-top-section elementor-element elementor-element-2ce7cb2 elementor-section-boxed elementor-section-height-default elementor-section-height-default\" data-id=\"2ce7cb2\" data-element_type=\"section\" data-e-type=\"section\">\n\t\t\t\t\t\t<div class=\"elementor-container elementor-column-gap-default\">\n\t\t\t\t\t<div class=\"elementor-column elementor-col-100 elementor-top-column elementor-element elementor-element-884c8f3\" data-id=\"884c8f3\" data-element_type=\"column\" data-e-type=\"column\">\n\t\t\t<div class=\"elementor-widget-wrap elementor-element-populated\">\n\t\t\t\t\t\t<div class=\"elementor-element elementor-element-572edbc elementor-widget elementor-widget-image\" data-id=\"572edbc\" data-element_type=\"widget\" data-e-type=\"widget\" data-widget_type=\"image.default\">\n\t\t\t\t<div class=\"elementor-widget-container\">\n\t\t\t\t\t\t\t\t\t\t\t\t\t\t\t<img fetchpriority=\"high\" decoding=\"async\" data-attachment-id=\"1801\" data-permalink=\"https:\/\/okolisnifestival.zelena-akcija.hr\/en\/organizacijski-tim\/volonteri-2025\/\" data-orig-file=\"https:\/\/okolisnifestival.zelena-akcija.hr\/wp-content\/uploads\/2026\/04\/volonteri-2025.jpg\" data-orig-size=\"2048,1340\" data-comments-opened=\"0\" data-image-meta=\"{&quot;aperture&quot;:&quot;0&quot;,&quot;credit&quot;:&quot;&quot;,&quot;camera&quot;:&quot;&quot;,&quot;caption&quot;:&quot;&quot;,&quot;created_timestamp&quot;:&quot;0&quot;,&quot;copyright&quot;:&quot;&quot;,&quot;focal_length&quot;:&quot;0&quot;,&quot;iso&quot;:&quot;0&quot;,&quot;shutter_speed&quot;:&quot;0&quot;,&quot;title&quot;:&quot;&quot;,&quot;orientation&quot;:&quot;0&quot;}\" data-image-title=\"volonteri 2025\" data-image-description=\"\" data-image-caption=\"\" data-medium-file=\"https:\/\/okolisnifestival.zelena-akcija.hr\/wp-content\/uploads\/2026\/04\/volonteri-2025-300x196.jpg\" data-large-file=\"https:\/\/okolisnifestival.zelena-akcija.hr\/wp-content\/uploads\/2026\/04\/volonteri-2025-1024x670.jpg\" width=\"750\" height=\"491\" src=\"https:\/\/okolisnifestival.zelena-akcija.hr\/wp-content\/uploads\/2026\/04\/volonteri-2025-1024x670.jpg\" class=\"attachment-large size-large wp-image-1801\" alt=\"\" srcset=\"https:\/\/okolisnifestival.zelena-akcija.hr\/wp-content\/uploads\/2026\/04\/volonteri-2025-1024x670.jpg 1024w, https:\/\/okolisnifestival.zelena-akcija.hr\/wp-content\/uploads\/2026\/04\/volonteri-2025-300x196.jpg 300w, https:\/\/okolisnifestival.zelena-akcija.hr\/wp-content\/uploads\/2026\/04\/volonteri-2025-768x503.jpg 768w, https:\/\/okolisnifestival.zelena-akcija.hr\/wp-content\/uploads\/2026\/04\/volonteri-2025-1536x1005.jpg 1536w, https:\/\/okolisnifestival.zelena-akcija.hr\/wp-content\/uploads\/2026\/04\/volonteri-2025-18x12.jpg 18w, https:\/\/okolisnifestival.zelena-akcija.hr\/wp-content\/uploads\/2026\/04\/volonteri-2025.jpg 2048w\" sizes=\"(max-width: 750px) 100vw, 750px\" \/>\t\t\t\t\t\t\t\t\t\t\t\t\t\t\t<\/div>\n\t\t\t\t<\/div>\n\t\t\t\t\t<\/div>\n\t\t<\/div>\n\t\t\t\t\t<\/div>\n\t\t<\/section>\n\t\t\t\t<\/div>","protected":false},"excerpt":{"rendered":"<p>Organizacijski tim Ovogodi\u0161nji organizacijski tim Okoli\u0161nog filmskog festivala \u010dine: Nika Barbari\u0107, \u0110ina Nola, Dora Sivka,\u00a0Zoja Mari\u010di\u0107, Sanja \u0160u\u0161njara Rai\u0107, Mirjana Grabovac, Vjeran Gomzi,\u00a0Sun\u010dica Lazanski, Tea Ma\u0111er\u010di\u0107, Milica \u0106iri\u0107, Laura Pejak, Antonio Kara\u010da i Marija Meklav.\u00a0 Ako se \u017eeli\u0161 uklju\u010diti, pi\u0161i nam na dora@zelena-akcija.hr! :)<\/p>","protected":false},"author":1,"featured_media":0,"parent":0,"menu_order":0,"comment_status":"closed","ping_status":"closed","template":"page-templates\/template-pagebuilder-full-width.php","meta":{"jetpack_post_was_ever_published":false,"footnotes":""},"class_list":["post-90","page","type-page","status-publish","hentry"],"yoast_head":"<!-- This site is optimized with the Yoast SEO plugin v24.8 - https:\/\/yoast.com\/wordpress\/plugins\/seo\/ -->\n<title>Organizacijski tim - Okoli&scaron;ni filmski festival<\/title>\n<meta name=\"robots\" content=\"index, follow, max-snippet:-1, max-image-preview:large, max-video-preview:-1\" \/>\n<link rel=\"canonical\" href=\"https:\/\/okolisnifestival.zelena-akcija.hr\/en\/organizacijski-tim\/\" \/>\n<meta property=\"og:locale\" content=\"en_GB\" \/>\n<meta property=\"og:type\" content=\"article\" \/>\n<meta property=\"og:title\" content=\"Organizacijski tim - Okoli&scaron;ni filmski festival\" \/>\n<meta property=\"og:description\" content=\"Organizacijski tim Ovogodi\u0161nji organizacijski tim Okoli\u0161nog filmskog festivala \u010dine: Nika Barbari\u0107, \u0110ina Nola, Dora Sivka,\u00a0Zoja Mari\u010di\u0107, Sanja \u0160u\u0161njara Rai\u0107, Mirjana Grabovac, Vjeran Gomzi,\u00a0Sun\u010dica Lazanski, Tea Ma\u0111er\u010di\u0107, Milica \u0106iri\u0107, Laura Pejak, Antonio Kara\u010da i Marija Meklav.\u00a0 Ako se \u017eeli\u0161 uklju\u010diti, pi\u0161i nam na dora@zelena-akcija.hr! :)\" \/>\n<meta property=\"og:url\" content=\"https:\/\/okolisnifestival.zelena-akcija.hr\/en\/organizacijski-tim\/\" \/>\n<meta property=\"og:site_name\" content=\"Okoli&scaron;ni filmski festival\" \/>\n<meta property=\"article:publisher\" content=\"https:\/\/www.facebook.com\/efest\/\" \/>\n<meta property=\"article:modified_time\" content=\"2026-04-21T13:31:46+00:00\" \/>\n<meta property=\"og:image\" content=\"https:\/\/okolisnifestival.zelena-akcija.hr\/wp-content\/uploads\/2026\/04\/volonteri-2025.jpg\" \/>\n\t<meta property=\"og:image:width\" content=\"2048\" \/>\n\t<meta property=\"og:image:height\" content=\"1340\" \/>\n\t<meta property=\"og:image:type\" content=\"image\/jpeg\" \/>\n<meta name=\"twitter:card\" content=\"summary_large_image\" \/>\n<meta name=\"twitter:label1\" content=\"Estimated reading time\" \/>\n\t<meta name=\"twitter:data1\" content=\"1 minute\" \/>\n<script type=\"application\/ld+json\" class=\"yoast-schema-graph\">{\"@context\":\"https:\/\/schema.org\",\"@graph\":[{\"@type\":\"WebPage\",\"@id\":\"https:\/\/okolisnifestival.zelena-akcija.hr\/organizacijski-tim\/\",\"url\":\"https:\/\/okolisnifestival.zelena-akcija.hr\/organizacijski-tim\/\",\"name\":\"Organizacijski tim - Okoli&scaron;ni filmski festival\",\"isPartOf\":{\"@id\":\"https:\/\/okolisnifestival.zelena-akcija.hr\/en\/#website\"},\"primaryImageOfPage\":{\"@id\":\"https:\/\/okolisnifestival.zelena-akcija.hr\/organizacijski-tim\/#primaryimage\"},\"image\":{\"@id\":\"https:\/\/okolisnifestival.zelena-akcija.hr\/organizacijski-tim\/#primaryimage\"},\"thumbnailUrl\":\"https:\/\/okolisnifestival.zelena-akcija.hr\/wp-content\/uploads\/2026\/04\/volonteri-2025-1024x670.jpg\",\"datePublished\":\"2019-02-02T12:40:36+00:00\",\"dateModified\":\"2026-04-21T13:31:46+00:00\",\"breadcrumb\":{\"@id\":\"https:\/\/okolisnifestival.zelena-akcija.hr\/organizacijski-tim\/#breadcrumb\"},\"inLanguage\":\"en-GB\",\"potentialAction\":[{\"@type\":\"ReadAction\",\"target\":[\"https:\/\/okolisnifestival.zelena-akcija.hr\/organizacijski-tim\/\"]}]},{\"@type\":\"ImageObject\",\"inLanguage\":\"en-GB\",\"@id\":\"https:\/\/okolisnifestival.zelena-akcija.hr\/organizacijski-tim\/#primaryimage\",\"url\":\"https:\/\/okolisnifestival.zelena-akcija.hr\/wp-content\/uploads\/2026\/04\/volonteri-2025-1024x670.jpg\",\"contentUrl\":\"https:\/\/okolisnifestival.zelena-akcija.hr\/wp-content\/uploads\/2026\/04\/volonteri-2025-1024x670.jpg\"},{\"@type\":\"BreadcrumbList\",\"@id\":\"https:\/\/okolisnifestival.zelena-akcija.hr\/organizacijski-tim\/#breadcrumb\",\"itemListElement\":[{\"@type\":\"ListItem\",\"position\":1,\"name\":\"Home\",\"item\":\"https:\/\/okolisnifestival.zelena-akcija.hr\/\"},{\"@type\":\"ListItem\",\"position\":2,\"name\":\"Organizacijski tim\"}]},{\"@type\":\"WebSite\",\"@id\":\"https:\/\/okolisnifestival.zelena-akcija.hr\/en\/#website\",\"url\":\"https:\/\/okolisnifestival.zelena-akcija.hr\/en\/\",\"name\":\"Okoli\u0161ni filmski festival\",\"description\":\"\",\"publisher\":{\"@id\":\"https:\/\/okolisnifestival.zelena-akcija.hr\/en\/#organization\"},\"potentialAction\":[{\"@type\":\"SearchAction\",\"target\":{\"@type\":\"EntryPoint\",\"urlTemplate\":\"https:\/\/okolisnifestival.zelena-akcija.hr\/en\/?s={search_term_string}\"},\"query-input\":{\"@type\":\"PropertyValueSpecification\",\"valueRequired\":true,\"valueName\":\"search_term_string\"}}],\"inLanguage\":\"en-GB\"},{\"@type\":\"Organization\",\"@id\":\"https:\/\/okolisnifestival.zelena-akcija.hr\/en\/#organization\",\"name\":\"Zelena akcija\",\"url\":\"https:\/\/okolisnifestival.zelena-akcija.hr\/en\/\",\"logo\":{\"@type\":\"ImageObject\",\"inLanguage\":\"en-GB\",\"@id\":\"https:\/\/okolisnifestival.zelena-akcija.hr\/en\/#\/schema\/logo\/image\/\",\"url\":\"https:\/\/i0.wp.com\/okolisnifestival.zelena-akcija.hr\/wp-content\/uploads\/2019\/03\/ZA-logo-rgb-white-veci.jpg?fit=2000%2C758&ssl=1\",\"contentUrl\":\"https:\/\/i0.wp.com\/okolisnifestival.zelena-akcija.hr\/wp-content\/uploads\/2019\/03\/ZA-logo-rgb-white-veci.jpg?fit=2000%2C758&ssl=1\",\"width\":2000,\"height\":758,\"caption\":\"Zelena akcija\"},\"image\":{\"@id\":\"https:\/\/okolisnifestival.zelena-akcija.hr\/en\/#\/schema\/logo\/image\/\"},\"sameAs\":[\"https:\/\/www.facebook.com\/efest\/\"]}]}<\/script>\n<!-- \/ Yoast SEO plugin. -->","yoast_head_json":{"title":"Organizacijski tim - Okoli&scaron;ni filmski festival","robots":{"index":"index","follow":"follow","max-snippet":"max-snippet:-1","max-image-preview":"max-image-preview:large","max-video-preview":"max-video-preview:-1"},"canonical":"https:\/\/okolisnifestival.zelena-akcija.hr\/en\/organizacijski-tim\/","og_locale":"en_GB","og_type":"article","og_title":"Organizacijski tim - Okoli&scaron;ni filmski festival","og_description":"Organizacijski tim Ovogodi\u0161nji organizacijski tim Okoli\u0161nog filmskog festivala \u010dine: Nika Barbari\u0107, \u0110ina Nola, Dora Sivka,\u00a0Zoja Mari\u010di\u0107, Sanja \u0160u\u0161njara Rai\u0107, Mirjana Grabovac, Vjeran Gomzi,\u00a0Sun\u010dica Lazanski, Tea Ma\u0111er\u010di\u0107, Milica \u0106iri\u0107, Laura Pejak, Antonio Kara\u010da i Marija Meklav.\u00a0 Ako se \u017eeli\u0161 uklju\u010diti, pi\u0161i nam na dora@zelena-akcija.hr! :)","og_url":"https:\/\/okolisnifestival.zelena-akcija.hr\/en\/organizacijski-tim\/","og_site_name":"Okoli&scaron;ni filmski festival","article_publisher":"https:\/\/www.facebook.com\/efest\/","article_modified_time":"2026-04-21T13:31:46+00:00","og_image":[{"width":2048,"height":1340,"url":"https:\/\/okolisnifestival.zelena-akcija.hr\/wp-content\/uploads\/2026\/04\/volonteri-2025.jpg","type":"image\/jpeg"}],"twitter_card":"summary_large_image","twitter_misc":{"Estimated reading time":"1 minute"},"schema":{"@context":"https:\/\/schema.org","@graph":[{"@type":"WebPage","@id":"https:\/\/okolisnifestival.zelena-akcija.hr\/organizacijski-tim\/","url":"https:\/\/okolisnifestival.zelena-akcija.hr\/organizacijski-tim\/","name":"Organizacijski tim - Okoli&scaron;ni filmski festival","isPartOf":{"@id":"https:\/\/okolisnifestival.zelena-akcija.hr\/en\/#website"},"primaryImageOfPage":{"@id":"https:\/\/okolisnifestival.zelena-akcija.hr\/organizacijski-tim\/#primaryimage"},"image":{"@id":"https:\/\/okolisnifestival.zelena-akcija.hr\/organizacijski-tim\/#primaryimage"},"thumbnailUrl":"https:\/\/okolisnifestival.zelena-akcija.hr\/wp-content\/uploads\/2026\/04\/volonteri-2025-1024x670.jpg","datePublished":"2019-02-02T12:40:36+00:00","dateModified":"2026-04-21T13:31:46+00:00","breadcrumb":{"@id":"https:\/\/okolisnifestival.zelena-akcija.hr\/organizacijski-tim\/#breadcrumb"},"inLanguage":"en-GB","potentialAction":[{"@type":"ReadAction","target":["https:\/\/okolisnifestival.zelena-akcija.hr\/organizacijski-tim\/"]}]},{"@type":"ImageObject","inLanguage":"en-GB","@id":"https:\/\/okolisnifestival.zelena-akcija.hr\/organizacijski-tim\/#primaryimage","url":"https:\/\/okolisnifestival.zelena-akcija.hr\/wp-content\/uploads\/2026\/04\/volonteri-2025-1024x670.jpg","contentUrl":"https:\/\/okolisnifestival.zelena-akcija.hr\/wp-content\/uploads\/2026\/04\/volonteri-2025-1024x670.jpg"},{"@type":"BreadcrumbList","@id":"https:\/\/okolisnifestival.zelena-akcija.hr\/organizacijski-tim\/#breadcrumb","itemListElement":[{"@type":"ListItem","position":1,"name":"Home","item":"https:\/\/okolisnifestival.zelena-akcija.hr\/"},{"@type":"ListItem","position":2,"name":"Organizacijski tim"}]},{"@type":"WebSite","@id":"https:\/\/okolisnifestival.zelena-akcija.hr\/en\/#website","url":"https:\/\/okolisnifestival.zelena-akcija.hr\/en\/","name":"Environmental film festival","description":"","publisher":{"@id":"https:\/\/okolisnifestival.zelena-akcija.hr\/en\/#organization"},"potentialAction":[{"@type":"SearchAction","target":{"@type":"EntryPoint","urlTemplate":"https:\/\/okolisnifestival.zelena-akcija.hr\/en\/?s={search_term_string}"},"query-input":{"@type":"PropertyValueSpecification","valueRequired":true,"valueName":"search_term_string"}}],"inLanguage":"en-GB"},{"@type":"Organization","@id":"https:\/\/okolisnifestival.zelena-akcija.hr\/en\/#organization","name":"Zelena akcija","url":"https:\/\/okolisnifestival.zelena-akcija.hr\/en\/","logo":{"@type":"ImageObject","inLanguage":"en-GB","@id":"https:\/\/okolisnifestival.zelena-akcija.hr\/en\/#\/schema\/logo\/image\/","url":"https:\/\/i0.wp.com\/okolisnifestival.zelena-akcija.hr\/wp-content\/uploads\/2019\/03\/ZA-logo-rgb-white-veci.jpg?fit=2000%2C758&ssl=1","contentUrl":"https:\/\/i0.wp.com\/okolisnifestival.zelena-akcija.hr\/wp-content\/uploads\/2019\/03\/ZA-logo-rgb-white-veci.jpg?fit=2000%2C758&ssl=1","width":2000,"height":758,"caption":"Zelena akcija"},"image":{"@id":"https:\/\/okolisnifestival.zelena-akcija.hr\/en\/#\/schema\/logo\/image\/"},"sameAs":["https:\/\/www.facebook.com\/efest\/"]}]}},"jetpack_sharing_enabled":true,"jetpack_shortlink":"https:\/\/wp.me\/PaO4kI-1s","jetpack-related-posts":[],"_links":{"self":[{"href":"https:\/\/okolisnifestival.zelena-akcija.hr\/en\/wp-json\/wp\/v2\/pages\/90","targetHints":{"allow":["GET"]}}],"collection":[{"href":"https:\/\/okolisnifestival.zelena-akcija.hr\/en\/wp-json\/wp\/v2\/pages"}],"about":[{"href":"https:\/\/okolisnifestival.zelena-akcija.hr\/en\/wp-json\/wp\/v2\/types\/page"}],"author":[{"embeddable":true,"href":"https:\/\/okolisnifestival.zelena-akcija.hr\/en\/wp-json\/wp\/v2\/users\/1"}],"replies":[{"embeddable":true,"href":"https:\/\/okolisnifestival.zelena-akcija.hr\/en\/wp-json\/wp\/v2\/comments?post=90"}],"version-history":[{"count":66,"href":"https:\/\/okolisnifestival.zelena-akcija.hr\/en\/wp-json\/wp\/v2\/pages\/90\/revisions"}],"predecessor-version":[{"id":1943,"href":"https:\/\/okolisnifestival.zelena-akcija.hr\/en\/wp-json\/wp\/v2\/pages\/90\/revisions\/1943"}],"wp:attachment":[{"href":"https:\/\/okolisnifestival.zelena-akcija.hr\/en\/wp-json\/wp\/v2\/media?parent=90"}],"curies":[{"name":"wp","href":"https:\/\/api.w.org\/{rel}","templated":true}]}}